{"id":92,"date":"2024-04-30T10:00:22","date_gmt":"2024-04-30T10:00:22","guid":{"rendered":"https:\/\/tiiah.vlab.fi\/?page_id=92"},"modified":"2024-04-30T10:01:59","modified_gmt":"2024-04-30T10:01:59","slug":"takapihan-tarina","status":"publish","type":"page","link":"https:\/\/tiiah.vlab.fi\/index.php\/takapihan-tarina\/","title":{"rendered":"Takapihan tarina"},"content":{"rendered":"\n<p class=\"has-text-align-center\">Kes\u00e4inen p\u00e4iv\u00e4<\/p>\n\n\n\n<p class=\"has-text-align-center\">Kun aurinko paistaa ja ruoho on vihre\u00e4\u00e4<\/p>\n\n\n\n<p class=\"has-text-align-center\">Istun takapihalla<\/p>\n\n\n\n<p class=\"has-text-align-center\">hiekkalaatikon reunalla.<\/p>\n\n\n\n<p class=\"has-text-align-center\">Aidalla on silm\u00e4t<\/p>\n\n\n\n<p class=\"has-text-align-center\">kahdet uteliaat silm\u00e4t tutkimassa olemustani.<\/p>\n\n\n\n<p class=\"has-text-align-center\">Niin katseemme kohtaa ja syd\u00e4meni tiet\u00e4\u00e4<\/p>\n\n\n\n<p class=\"has-text-align-center\">Ett\u00e4 siin\u00e4 sin\u00e4 olit<\/p>\n\n\n\n<p class=\"has-text-align-center\">Yst\u00e4v\u00e4ni tulevaisuudesta<\/p>\n\n\n\n<p class=\"has-text-align-center\">Avaat tuhansia ovia<\/p>\n\n\n\n<p class=\"has-text-align-center\">Mahdollisuuksia rajattomia.<\/p>\n\n\n\n<div style=\"height:42px\" aria-hidden=\"true\" class=\"wp-block-spacer\"><\/div>\n\n\n\n<p class=\"has-text-align-center\">Kes\u00e4tuuli puhaltaa<\/p>\n\n\n\n<p class=\"has-text-align-center\">p\u00f6rr\u00f6tt\u00e4\u00e4 hiuksiasi<\/p>\n\n\n\n<p class=\"has-text-align-center\">Ja nurkan takan muuttuu syksyn s\u00e4veliksi<\/p>\n\n\n\n<p class=\"has-text-align-center\">Vaikka illat pimenev\u00e4t<\/p>\n\n\n\n<p class=\"has-text-align-center\">Niin siin\u00e4 sin\u00e4 olet,<\/p>\n\n\n\n<p class=\"has-text-align-center\">Minun vierell\u00e4ni<\/p>\n\n\n\n<p class=\"has-text-align-center\">K\u00e4tesi k\u00e4dell\u00e4ni.<\/p>\n\n\n\n<p class=\"has-text-align-center\">Meid\u00e4n piilopaikassa<\/p>\n\n\n\n<p class=\"has-text-align-center\">Koko maailman kokoisella hiekkalaatikolla<\/p>\n\n\n\n<p class=\"has-text-align-center\">Ikuisen ajan kuluessa<\/p>\n\n\n\n<p class=\"has-text-align-center\">Kohti loppua.<\/p>\n\n\n\n<div style=\"height:42px\" aria-hidden=\"true\" class=\"wp-block-spacer\"><\/div>\n\n\n\n<p class=\"has-text-align-center\">Talvi tekee tulojaan<\/p>\n\n\n\n<p class=\"has-text-align-center\">Ja askeleemme painautuvat ensilumeen<\/p>\n\n\n\n<p class=\"has-text-align-center\">J\u00e4tt\u00e4en pysyv\u00e4t j\u00e4ljet hankeen<\/p>\n\n\n\n<p class=\"has-text-align-center\">Mutta sinun askeleesi jatkuvat<\/p>\n\n\n\n<p class=\"has-text-align-center\">L\u00e4pi aidan,<\/p>\n\n\n\n<p class=\"has-text-align-center\">sen toiselle puolelle<\/p>\n\n\n\n<p class=\"has-text-align-center\">Pitkin mutkikasta tiet\u00e4<\/p>\n\n\n\n<p class=\"has-text-align-center\">El\u00e4m\u00e4n tiet\u00e4.<\/p>\n\n\n\n<div style=\"height:42px\" aria-hidden=\"true\" class=\"wp-block-spacer\"><\/div>\n\n\n\n<p class=\"has-text-align-center\">Mutta minun on j\u00e4\u00e4t\u00e4v\u00e4<\/p>\n\n\n\n<p class=\"has-text-align-center\">Pys\u00e4hdytt\u00e4v\u00e4 paikalleni<\/p>\n\n\n\n<p class=\"has-text-align-center\">Ja ainut mit\u00e4 voin<\/p>\n\n\n\n<p class=\"has-text-align-center\">On katsoa haikeana per\u00e4\u00e4si<\/p>\n\n\n\n<p class=\"has-text-align-center\">Kylm\u00e4ll\u00e4 ja pime\u00e4ll\u00e4 pihalla seistess\u00e4<\/p>\n\n\n\n<p class=\"has-text-align-center\">K\u00e4teni ovat pakkasesta kylm\u00e4t<\/p>\n\n\n\n<p class=\"has-text-align-center\">Ja hiekkalaatikkoni t\u00e4ynn\u00e4 j\u00e4\u00e4t\u00e4.<\/p>\n\n\n\n<figure class=\"wp-block-image aligncenter size-large is-resized\"><img decoding=\"async\" src=\"https:\/\/cdn.pixabay.com\/photo\/2016\/05\/02\/12\/24\/sand-1367161_1280.jpg\" alt=\"\" style=\"width:364px;height:auto\"\/><\/figure>\n","protected":false},"excerpt":{"rendered":"<p>Kes\u00e4inen p\u00e4iv\u00e4 Kun aurinko paistaa ja ruoho on vihre\u00e4\u00e4 Istun takapihalla hiekkalaatikon reunalla. Aidalla on silm\u00e4t kahdet uteliaat silm\u00e4t tutkimassa olemustani. Niin katseemme kohtaa ja syd\u00e4meni tiet\u00e4\u00e4 Ett\u00e4 siin\u00e4 sin\u00e4 olit Yst\u00e4v\u00e4ni tulevaisuudesta Avaat tuhansia ovia Mahdollisuuksia rajattomia. Kes\u00e4tuuli puhaltaa p\u00f6rr\u00f6tt\u00e4\u00e4 hiuksiasi Ja nurkan takan muuttuu syksyn s\u00e4veliksi Vaikka illat pimenev\u00e4t Niin siin\u00e4 sin\u00e4 olet, [&hellip;]<\/p>\n","protected":false},"author":1,"featured_media":0,"parent":0,"menu_order":0,"comment_status":"closed","ping_status":"closed","template":"","meta":{"footnotes":""},"class_list":["post-92","page","type-page","status-publish","hentry"],"_links":{"self":[{"href":"https:\/\/tiiah.vlab.fi\/index.php\/wp-json\/wp\/v2\/pages\/92","targetHints":{"allow":["GET"]}}],"collection":[{"href":"https:\/\/tiiah.vlab.fi\/index.php\/wp-json\/wp\/v2\/pages"}],"about":[{"href":"https:\/\/tiiah.vlab.fi\/index.php\/wp-json\/wp\/v2\/types\/page"}],"author":[{"embeddable":true,"href":"https:\/\/tiiah.vlab.fi\/index.php\/wp-json\/wp\/v2\/users\/1"}],"replies":[{"embeddable":true,"href":"https:\/\/tiiah.vlab.fi\/index.php\/wp-json\/wp\/v2\/comments?post=92"}],"version-history":[{"count":2,"href":"https:\/\/tiiah.vlab.fi\/index.php\/wp-json\/wp\/v2\/pages\/92\/revisions"}],"predecessor-version":[{"id":94,"href":"https:\/\/tiiah.vlab.fi\/index.php\/wp-json\/wp\/v2\/pages\/92\/revisions\/94"}],"wp:attachment":[{"href":"https:\/\/tiiah.vlab.fi\/index.php\/wp-json\/wp\/v2\/media?parent=92"}],"curies":[{"name":"wp","href":"https:\/\/api.w.org\/{rel}","templated":true}]}}