{"id":85,"date":"2024-04-30T09:52:12","date_gmt":"2024-04-30T09:52:12","guid":{"rendered":"https:\/\/tiiah.vlab.fi\/?page_id=85"},"modified":"2024-04-30T09:58:01","modified_gmt":"2024-04-30T09:58:01","slug":"pyykkinaru","status":"publish","type":"page","link":"https:\/\/tiiah.vlab.fi\/index.php\/pyykkinaru\/","title":{"rendered":"Pyykkinaru"},"content":{"rendered":"\n<p class=\"has-text-align-center\">Punainen paita parilla pyykkipojalla<\/p>\n\n\n\n<p class=\"has-text-align-center\">roikkumassa pihalle ripustetulla narulla<\/p>\n\n\n\n<p class=\"has-text-align-center\">Tuuli riepottaa narua<\/p>\n\n\n\n<p class=\"has-text-align-center\">Joka on kest\u00e4v\u00e4<\/p>\n\n\n\n<p class=\"has-text-align-center\">Mutta myrsky myrskylt\u00e4 haurastuva<\/p>\n\n\n\n<div style=\"height:20px\" aria-hidden=\"true\" class=\"wp-block-spacer\"><\/div>\n\n\n\n<p class=\"has-text-align-center\">Harmaat housut ovat haalistuneet<\/p>\n\n\n\n<p class=\"has-text-align-center\">kokeneet kovia<\/p>\n\n\n\n<p class=\"has-text-align-center\">Mutta paikka paikalta vahvistuneet<\/p>\n\n\n\n<p class=\"has-text-align-center\">El\u00e4m\u00e4\u00e4 n\u00e4hneet<\/p>\n\n\n\n<p class=\"has-text-align-center\">Mutta uskollisesti jalassa<\/p>\n\n\n\n<div style=\"height:20px\" aria-hidden=\"true\" class=\"wp-block-spacer\"><\/div>\n\n\n\n<p class=\"has-text-align-center\">Viel\u00e4 viimetalvena valkoinen villapaita<\/p>\n\n\n\n<p class=\"has-text-align-center\">on nyt harmaa ja haikea<\/p>\n\n\n\n<p class=\"has-text-align-center\">Lanka on purkautunut<\/p>\n\n\n\n<p class=\"has-text-align-center\">Ja villa on karhea<\/p>\n\n\n\n<p class=\"has-text-align-center\">Ei kest\u00e4nyt jatkuvaa painetta ja pesua<\/p>\n\n\n\n<div style=\"height:20px\" aria-hidden=\"true\" class=\"wp-block-spacer\"><\/div>\n\n\n\n<p class=\"has-text-align-center\">Satunnainen sininen sukka<\/p>\n\n\n\n<p class=\"has-text-align-center\">On ihan yksin narulla<\/p>\n\n\n\n<p class=\"has-text-align-center\">vailla paria<\/p>\n\n\n\n<p class=\"has-text-align-center\">Lankaa repsottaa varressa<\/p>\n\n\n\n<p class=\"has-text-align-center\">Ja reik\u00e4 syd\u00e4men kohdalla<\/p>\n\n\n\n<div style=\"height:20px\" aria-hidden=\"true\" class=\"wp-block-spacer\"><\/div>\n\n\n\n<p class=\"has-text-align-center\">Maassa makaa musta myssy<\/p>\n\n\n\n<p class=\"has-text-align-center\">Joka on tippunut narulta<\/p>\n\n\n\n<p class=\"has-text-align-center\">Ehk\u00e4 itsekseen<\/p>\n\n\n\n<p class=\"has-text-align-center\">Tai jonkun tiputtamana<\/p>\n\n\n\n<p class=\"has-text-align-center\">Nyt hautautuneena mullassa<\/p>\n\n\n\n<div style=\"height:20px\" aria-hidden=\"true\" class=\"wp-block-spacer\"><\/div>\n\n\n\n<p class=\"has-text-align-center\">Aurinko l\u00e4mmitt\u00e4\u00e4<\/p>\n\n\n\n<p class=\"has-text-align-center\">Kuivattaa keltaisesta kukkamekosta kyyneleet<\/p>\n\n\n\n<p class=\"has-text-align-center\">Ja tuuli kuljettaa nen\u00e4liinaa<\/p>\n\n\n\n<p class=\"has-text-align-center\"><em>Kyll\u00e4 kaikki k\u00e4\u00e4ntyy paremmaksi<\/em><\/p>\n\n\n\n<p class=\"has-text-align-center\">Kuiskaa kuistilta kurkkaava kukka<\/p>\n\n\n\n<div style=\"height:20px\" aria-hidden=\"true\" class=\"wp-block-spacer\"><\/div>\n\n\n\n<p class=\"has-text-align-center\">El\u00e4m\u00e4n kaareva naru<\/p>\n\n\n\n<p class=\"has-text-align-center\">On v\u00e4rik\u00e4s ja taipuva<\/p>\n\n\n\n<p class=\"has-text-align-center\">T\u00e4ynn\u00e4 s\u00e4vyj\u00e4 ja v\u00e4rej\u00e4<\/p>\n\n\n\n<p class=\"has-text-align-center\">Vailla alkua ja loppua<\/p>\n\n\n\n<p class=\"has-text-align-center\">Ajan kuluessa katkeava<\/p>\n\n\n\n<div style=\"height:40px\" aria-hidden=\"true\" class=\"wp-block-spacer\"><\/div>\n\n\n\n<figure class=\"wp-block-image size-large\"><img decoding=\"async\" src=\"https:\/\/cdn.pixabay.com\/photo\/2012\/02\/29\/15\/59\/flower-19301_1280.jpg\" alt=\"\"\/><\/figure>\n","protected":false},"excerpt":{"rendered":"<p>Punainen paita parilla pyykkipojalla roikkumassa pihalle ripustetulla narulla Tuuli riepottaa narua Joka on kest\u00e4v\u00e4 Mutta myrsky myrskylt\u00e4 haurastuva Harmaat housut ovat haalistuneet kokeneet kovia Mutta paikka paikalta vahvistuneet El\u00e4m\u00e4\u00e4 n\u00e4hneet Mutta uskollisesti jalassa Viel\u00e4 viimetalvena valkoinen villapaita on nyt harmaa ja haikea Lanka on purkautunut Ja villa on karhea Ei kest\u00e4nyt jatkuvaa painetta ja pesua [&hellip;]<\/p>\n","protected":false},"author":1,"featured_media":0,"parent":0,"menu_order":0,"comment_status":"closed","ping_status":"closed","template":"","meta":{"footnotes":""},"class_list":["post-85","page","type-page","status-publish","hentry"],"_links":{"self":[{"href":"https:\/\/tiiah.vlab.fi\/index.php\/wp-json\/wp\/v2\/pages\/85","targetHints":{"allow":["GET"]}}],"collection":[{"href":"https:\/\/tiiah.vlab.fi\/index.php\/wp-json\/wp\/v2\/pages"}],"about":[{"href":"https:\/\/tiiah.vlab.fi\/index.php\/wp-json\/wp\/v2\/types\/page"}],"author":[{"embeddable":true,"href":"https:\/\/tiiah.vlab.fi\/index.php\/wp-json\/wp\/v2\/users\/1"}],"replies":[{"embeddable":true,"href":"https:\/\/tiiah.vlab.fi\/index.php\/wp-json\/wp\/v2\/comments?post=85"}],"version-history":[{"count":6,"href":"https:\/\/tiiah.vlab.fi\/index.php\/wp-json\/wp\/v2\/pages\/85\/revisions"}],"predecessor-version":[{"id":91,"href":"https:\/\/tiiah.vlab.fi\/index.php\/wp-json\/wp\/v2\/pages\/85\/revisions\/91"}],"wp:attachment":[{"href":"https:\/\/tiiah.vlab.fi\/index.php\/wp-json\/wp\/v2\/media?parent=85"}],"curies":[{"name":"wp","href":"https:\/\/api.w.org\/{rel}","templated":true}]}}