{"id":77,"date":"2024-04-30T09:12:42","date_gmt":"2024-04-30T09:12:42","guid":{"rendered":"https:\/\/tiiah.vlab.fi\/?page_id=77"},"modified":"2024-04-30T09:43:21","modified_gmt":"2024-04-30T09:43:21","slug":"vahan-minusta","status":"publish","type":"page","link":"https:\/\/tiiah.vlab.fi\/index.php\/vahan-minusta\/","title":{"rendered":"V\u00e4h\u00e4n minusta"},"content":{"rendered":"\n<p>Olen 17-vuotias ohjelmistokehitt\u00e4j\u00e4ksi opiskeleva nuori Vaasasta.<\/p>\n\n\n\n<p>Alta n\u00e4et aikatauluni:<\/p>\n\n\n\n<p><a href=\"https:\/\/tiiah.vlab.fi\/Tiia\/\" target=\"_blank\" rel=\"noreferrer noopener\"><strong><mark style=\"background-color:rgba(0, 0, 0, 0)\" class=\"has-inline-color has-contrast-2-color\">Lukuj\u00e4rjestys<\/mark><\/strong><\/a><\/p>\n\n\n\n<div style=\"height:100px\" aria-hidden=\"true\" class=\"wp-block-spacer\"><\/div>\n\n\n\n<p>Alla linkki h\u00e4m\u00e4h\u00e4kkiprojektiini:<\/p>\n\n\n\n<p><a href=\"https:\/\/tiiah.vlab.fi\/cssharjoittelu\/css.html\" target=\"_blank\" rel=\"noreferrer noopener\">H\u00e4m\u00e4h\u00e4kki!<\/a><\/p>\n\n\n\n<figure class=\"wp-block-image size-large\"><img decoding=\"async\" src=\"https:\/\/cdn.pixabay.com\/photo\/2023\/09\/14\/13\/58\/spider-8253028_1280.jpg\" alt=\"\"\/><\/figure>\n\n\n\n<div style=\"height:100px\" aria-hidden=\"true\" class=\"wp-block-spacer\"><\/div>\n\n\n\n<p>Jos haluat rikastua, katso minun tekem\u00e4ni alla oleva sivu:<\/p>\n\n\n\n<p><a href=\"https:\/\/tiiah.vlab.fi\/javascript\/bootstrap\/bootstrap-aboutus.html\" target=\"_blank\" rel=\"noreferrer noopener\">MyCryptoTe.ft<\/a><\/p>\n\n\n\n<figure class=\"wp-block-image size-large\"><img decoding=\"async\" src=\"https:\/\/cdn.pixabay.com\/photo\/2018\/02\/05\/17\/25\/bitcoin-3132717_1280.jpg\" alt=\"\"\/><\/figure>\n\n\n\n<div style=\"height:100px\" aria-hidden=\"true\" class=\"wp-block-spacer\"><\/div>\n\n\n\n<p>Jos olet kiinnostunut avaruuden ihmeist\u00e4, katso tekem\u00e4ni sivu aiheesta. Linkki alla:<\/p>\n\n\n\n<p><a href=\"https:\/\/tiiah.vlab.fi\/cssharjoittelu\/csskuvateht\/kuvateht.html\" target=\"_blank\" rel=\"noreferrer noopener\">Kuvakollaasi<\/a><\/p>\n\n\n\n<div style=\"height:100px\" aria-hidden=\"true\" class=\"wp-block-spacer\"><\/div>\n\n\n\n<p>Onko sinulla hyv\u00e4 tuuri? Testaa tekem\u00e4ll\u00e4ni lottokoneella:<br><a href=\"https:\/\/tiiah.vlab.fi\/javascript\/lotto_v2.html\" target=\"_blank\" rel=\"noreferrer noopener\">Lotto<\/a><\/p>\n\n\n\n<div style=\"height:100px\" aria-hidden=\"true\" class=\"wp-block-spacer\"><\/div>\n\n\n\n<p>Lis\u00e4\u00e4 nimesi t\u00e4lle tekem\u00e4lleni listalle niin osallistut 1000\u20ac arvontaan!<br><a href=\"https:\/\/tiiah.vlab.fi\/javascript\/nimet.html\" target=\"_blank\" rel=\"noreferrer noopener\">Nimilista<\/a><\/p>\n\n\n\n<p>Lis\u00e4\u00e4 k\u00e4ytt\u00e4j\u00e4si my\u00f6s t\u00e4h\u00e4n linkkiin alla:<br><a href=\"https:\/\/tiiah.vlab.fi\/javascript\/olio.html\" target=\"_blank\" rel=\"noreferrer noopener\">User Info<\/a><\/p>\n\n\n\n<div style=\"height:100px\" aria-hidden=\"true\" class=\"wp-block-spacer\"><\/div>\n\n\n\n<p>Jos kuvat kiinnostavat, katso seuraava tekem\u00e4ni verkkosivu. Kannattaa selata sivun loppuun asti, joku vihre\u00e4 odottaa siell\u00e4 sinua!<\/p>\n\n\n\n<p><a href=\"https:\/\/tiiah.vlab.fi\/javascript\/kuvien%20kasittely\/kuvien-kasittely.html\" target=\"_blank\" rel=\"noreferrer noopener\">kuvia<\/a><\/p>\n","protected":false},"excerpt":{"rendered":"<p>Olen 17-vuotias ohjelmistokehitt\u00e4j\u00e4ksi opiskeleva nuori Vaasasta. Alta n\u00e4et aikatauluni: Lukuj\u00e4rjestys Alla linkki h\u00e4m\u00e4h\u00e4kkiprojektiini: H\u00e4m\u00e4h\u00e4kki! Jos haluat rikastua, katso minun tekem\u00e4ni alla oleva sivu: MyCryptoTe.ft Jos olet kiinnostunut avaruuden ihmeist\u00e4, katso tekem\u00e4ni sivu aiheesta. Linkki alla: Kuvakollaasi Onko sinulla hyv\u00e4 tuuri? Testaa tekem\u00e4ll\u00e4ni lottokoneella:Lotto Lis\u00e4\u00e4 nimesi t\u00e4lle tekem\u00e4lleni listalle niin osallistut 1000\u20ac arvontaan!Nimilista Lis\u00e4\u00e4 k\u00e4ytt\u00e4j\u00e4si my\u00f6s [&hellip;]<\/p>\n","protected":false},"author":1,"featured_media":0,"parent":0,"menu_order":0,"comment_status":"closed","ping_status":"closed","template":"","meta":{"footnotes":""},"class_list":["post-77","page","type-page","status-publish","hentry"],"_links":{"self":[{"href":"https:\/\/tiiah.vlab.fi\/index.php\/wp-json\/wp\/v2\/pages\/77","targetHints":{"allow":["GET"]}}],"collection":[{"href":"https:\/\/tiiah.vlab.fi\/index.php\/wp-json\/wp\/v2\/pages"}],"about":[{"href":"https:\/\/tiiah.vlab.fi\/index.php\/wp-json\/wp\/v2\/types\/page"}],"author":[{"embeddable":true,"href":"https:\/\/tiiah.vlab.fi\/index.php\/wp-json\/wp\/v2\/users\/1"}],"replies":[{"embeddable":true,"href":"https:\/\/tiiah.vlab.fi\/index.php\/wp-json\/wp\/v2\/comments?post=77"}],"version-history":[{"count":5,"href":"https:\/\/tiiah.vlab.fi\/index.php\/wp-json\/wp\/v2\/pages\/77\/revisions"}],"predecessor-version":[{"id":83,"href":"https:\/\/tiiah.vlab.fi\/index.php\/wp-json\/wp\/v2\/pages\/77\/revisions\/83"}],"wp:attachment":[{"href":"https:\/\/tiiah.vlab.fi\/index.php\/wp-json\/wp\/v2\/media?parent=77"}],"curies":[{"name":"wp","href":"https:\/\/api.w.org\/{rel}","templated":true}]}}