{"id":65,"date":"2024-04-29T12:19:12","date_gmt":"2024-04-29T12:19:12","guid":{"rendered":"https:\/\/tiiah.vlab.fi\/?page_id=65"},"modified":"2024-04-29T12:49:06","modified_gmt":"2024-04-29T12:49:06","slug":"jaatynyt","status":"publish","type":"page","link":"https:\/\/tiiah.vlab.fi\/index.php\/jaatynyt\/","title":{"rendered":"J\u00e4\u00e4tynyt"},"content":{"rendered":"\n<p class=\"has-text-align-center\">Pieni siili Riite tekee pes\u00e4n juurakkoon. <br>Kun loppusyksy synkistyy ja hyinen viima iskee, <br>se k\u00e4pertyy kippuralle sammalpeiton suojiin. <br>Hetken se miettii viel\u00e4 maailman menoja, <br>kunnes on valmis j\u00e4tt\u00e4m\u00e4\u00e4n taakseen pime\u00e4n, kolean maan. <br>Siili sulkee silm\u00e4ns\u00e4 ja vaipuu horrokseen. <br>Levollista unta nukkuva siili odottaa her\u00e4\u00e4v\u00e4ns\u00e4 <br>maaliskuun lempe\u00e4\u00e4n tuuleen, <br>eik\u00e4 aavista saapuvaa kohmeaa kouraa.<br>Aurinko l\u00e4mmitt\u00e4\u00e4 kalman kalpeaa maata, <br>jolloin kev\u00e4inen huovelumi sulaa. <br>Pienen siilin pes\u00e4\u00e4n valuu hyist\u00e4 vett\u00e4, <br>joka kastelee nukkuvan siilin. <br>Y\u00f6n tullessa kiristyy katala pakkanen, <br>jolloin j\u00e4\u00e4tyv\u00e4t vesi ja lumi. <br>Niin siirtyy ajasta ikuisuuteen pieni siili, <br>ja huurre sen peittelee uneen. <br>Luonto on armoton, eik\u00e4 nukkuva silt\u00e4 s\u00e4\u00e4sty.<\/p>\n\n\n\n<figure class=\"wp-block-image size-large is-resized\"><img decoding=\"async\" src=\"https:\/\/cdn.pixabay.com\/photo\/2023\/10\/30\/04\/59\/hedgehog-8351745_1280.jpg\" alt=\"\" style=\"width:621px;height:auto\"\/><\/figure>\n\n\n\n<div style=\"height:100px\" aria-hidden=\"true\" class=\"wp-block-spacer\"><\/div>\n\n\n\n<p>Tarina j\u00e4\u00e4tyv\u00e4st\u00e4 siilist\u00e4 perustuu Ylen nettisivuilla vuonna 2023 julkaistuun Jasmina Kautan kirjoittamaan uutiseen &#8220;Siili voi j\u00e4\u00e4ty\u00e4 kuoliaaksi, jos pes\u00e4\u00e4n valuu vett\u00e4 ja tulee pakkanen \u2013 n\u00e4in sahaavat l\u00e4mp\u00f6tilat vaikuttavat luonnonel\u00e4imiin&#8221;, jossa kerrotaan el\u00e4inten selvi\u00e4misest\u00e4 talven yli ja ilmastonmuutoksen vaikutuksista talvehtimiseen. Uutisessa kerrotaan, miten l\u00e4mp\u00f6tilojen vaihtelu nollan yl\u00e4 -ja alapuolella yh\u00e4 useammin ilmastonmuutoksen seurauksesta aiheuttaa l\u00e4mpimi\u00e4 jaksoja, jolloin lumi sulaa, ja per\u00e4\u00e4n kylmi\u00e4 jaksoja, jolloin sulanut lumi j\u00e4\u00e4tyy uudelleen. T\u00e4m\u00e4 runsas vaihtelu veden olomuotojen v\u00e4lill\u00e4 on johtanut usean pienel\u00e4imen j\u00e4\u00e4tymiseen kuoliaaksi. <\/p>\n\n\n\n<p>Tarinan siili ei siis ole ainoa, joka on joutunut kokemaan ik\u00e4v\u00e4n kohtalon. Ilmastonmuutoksen seurauksena useat el\u00e4inlajit ovat vaarassa kuolla sukuputtoon, menett\u00e4\u00e4 kotinsa tai kuolla ennenaikaisesti. <\/p>\n\n\n\n<p>Alla linkki Jasmina Kautan kirjoittamaan artikkeliin:<\/p>\n\n\n\n<ul class=\"wp-block-list\">\n<li><a href=\"https:\/\/yle.fi\/a\/74-20013191\"><mark style=\"background-color:rgba(0, 0, 0, 0)\" class=\"has-inline-color has-contrast-3-color\">Siili voi j\u00e4\u00e4ty\u00e4 kuoliaaksi, jos pes\u00e4\u00e4n valuu vett\u00e4 ja tulee pakkanen \u2013 n\u00e4in sahaavat l\u00e4mp\u00f6tilat vaikuttavat luonnonel\u00e4imiin | Kymenlaakso | Yle<\/mark><\/a><\/li>\n<\/ul>\n\n\n\n<p>Jos ilmastonmuutoksen vaikutukset luontoon kiinnostavat, alla on lista uutisista liittyen aiheeseen:<\/p>\n\n\n\n<ul class=\"wp-block-list\">\n<li><a href=\"https:\/\/yle.fi\/a\/74-20084242\"><mark style=\"background-color:rgba(0, 0, 0, 0)\" class=\"has-inline-color has-contrast-3-color\">Puita kuoli pystyyn Kaakkois-Suomen metsiss\u00e4 kymmenkertaisesti | Kymenlaakso | Yle<\/mark><\/a><\/li>\n\n\n\n<li><a href=\"https:\/\/yle.fi\/aihe\/artikkeli\/2012\/11\/19\/suomen-ilmasto-muuttuu\"><mark style=\"background-color:rgba(0, 0, 0, 0)\" class=\"has-inline-color has-contrast-3-color\">Suomen ilmasto muuttuu | Opettajalle | Oppiminen | yle.fi<\/mark><\/a><\/li>\n\n\n\n<li><a href=\"https:\/\/yle.fi\/aihe\/artikkeli\/2018\/12\/11\/lasten-luontoilta-mitka-elaimet-suomessa-karsivat-ilmastonmuutoksesta-miksi\"><mark style=\"background-color:rgba(0, 0, 0, 0)\" class=\"has-inline-color has-contrast-3-color\">Lasten luontoilta: Mitk\u00e4 el\u00e4imet Suomessa k\u00e4rsiv\u00e4t ilmastonmuutoksesta? Miksi puita pit\u00e4\u00e4 kaataa? | Luonto | yle.fi<\/mark><\/a><\/li>\n\n\n\n<li><a href=\"https:\/\/wwf.fi\/uutiset\/2020\/02\/ilmastonmuutos-ajaa-lapin-tuntureiden-elaimet-ja-kasvit-ahdinkoon-katso-miten-tunturiluonto-muuttuu\/\"><mark style=\"background-color:rgba(0, 0, 0, 0)\" class=\"has-inline-color has-contrast-3-color\">Ilmastonmuutos ajaa Lapin tuntureiden el\u00e4imet ja kasvit ahdinkoon \u2013 katso, miten tunturiluonto muuttuu \u2013 WWF Suomi<\/mark><\/a><\/li>\n<\/ul>\n\n\n\n<div style=\"height:100px\" aria-hidden=\"true\" class=\"wp-block-spacer\"><\/div>\n\n\n\n<div class=\"wp-block-buttons is-content-justification-center is-layout-flex wp-container-core-buttons-is-layout-a89b3969 wp-block-buttons-is-layout-flex\">\n<div class=\"wp-block-button\"><a class=\"wp-block-button__link has-text-align-center wp-element-button\">Kommentit<\/a><\/div>\n<\/div>\n","protected":false},"excerpt":{"rendered":"<p>Pieni siili Riite tekee pes\u00e4n juurakkoon. Kun loppusyksy synkistyy ja hyinen viima iskee, se k\u00e4pertyy kippuralle sammalpeiton suojiin. Hetken se miettii viel\u00e4 maailman menoja, kunnes on valmis j\u00e4tt\u00e4m\u00e4\u00e4n taakseen pime\u00e4n, kolean maan. Siili sulkee silm\u00e4ns\u00e4 ja vaipuu horrokseen. Levollista unta nukkuva siili odottaa her\u00e4\u00e4v\u00e4ns\u00e4 maaliskuun lempe\u00e4\u00e4n tuuleen, eik\u00e4 aavista saapuvaa kohmeaa kouraa.Aurinko l\u00e4mmitt\u00e4\u00e4 kalman kalpeaa [&hellip;]<\/p>\n","protected":false},"author":1,"featured_media":0,"parent":0,"menu_order":0,"comment_status":"closed","ping_status":"closed","template":"","meta":{"footnotes":""},"class_list":["post-65","page","type-page","status-publish","hentry"],"_links":{"self":[{"href":"https:\/\/tiiah.vlab.fi\/index.php\/wp-json\/wp\/v2\/pages\/65","targetHints":{"allow":["GET"]}}],"collection":[{"href":"https:\/\/tiiah.vlab.fi\/index.php\/wp-json\/wp\/v2\/pages"}],"about":[{"href":"https:\/\/tiiah.vlab.fi\/index.php\/wp-json\/wp\/v2\/types\/page"}],"author":[{"embeddable":true,"href":"https:\/\/tiiah.vlab.fi\/index.php\/wp-json\/wp\/v2\/users\/1"}],"replies":[{"embeddable":true,"href":"https:\/\/tiiah.vlab.fi\/index.php\/wp-json\/wp\/v2\/comments?post=65"}],"version-history":[{"count":4,"href":"https:\/\/tiiah.vlab.fi\/index.php\/wp-json\/wp\/v2\/pages\/65\/revisions"}],"predecessor-version":[{"id":69,"href":"https:\/\/tiiah.vlab.fi\/index.php\/wp-json\/wp\/v2\/pages\/65\/revisions\/69"}],"wp:attachment":[{"href":"https:\/\/tiiah.vlab.fi\/index.php\/wp-json\/wp\/v2\/media?parent=65"}],"curies":[{"name":"wp","href":"https:\/\/api.w.org\/{rel}","templated":true}]}}