{"id":58,"date":"2024-04-29T07:15:45","date_gmt":"2024-04-29T07:15:45","guid":{"rendered":"https:\/\/tiiah.vlab.fi\/?page_id=58"},"modified":"2024-04-30T07:41:46","modified_gmt":"2024-04-30T07:41:46","slug":"lattialankut","status":"publish","type":"page","link":"https:\/\/tiiah.vlab.fi\/index.php\/lattialankut\/","title":{"rendered":"Lattialankut"},"content":{"rendered":"\n<p class=\"has-text-align-center\">Mets\u00e4ss\u00e4 on m\u00f6kki. Se on ollut siell\u00e4 jo kauan, mink\u00e4 voi p\u00e4\u00e4tell\u00e4 sen kuluneesta perusrakenteesta ja lahonneista sein\u00e4laudoista. Seinien heikkoutta piilottelevan, kulahtaneen ja repeilev\u00e4n tapetin kuviot peitt\u00e4\u00e4 puun pintaa hiljalleen hajottava home. El\u00e4m\u00e4\u00e4 siin\u00e4 m\u00f6kiss\u00e4 ei ole n\u00e4hty vuosikymmeniin.<\/p>\n\n\n\n<p class=\"has-text-align-center\">Harva tiet\u00e4\u00e4 autiosta m\u00f6kist\u00e4. Vanhat puut peitt\u00e4v\u00e4t sen suojiinsa ja vanhin tammista syrj\u00e4isen soratien varressa kuiskaa sen tarinaa tuulessa. Ruostunut katuvalo v\u00e4lkkyy y\u00f6n synkkyydess\u00e4, kaamoskuun iltojen h\u00e4m\u00e4rtyess\u00e4. Pihaa kiert\u00e4\u00e4 matala muuri, jonka kivill\u00e4 kiemurtelee kulahtanut k\u00f6ynn\u00f6s. M\u00f6kin kivijalan k\u00e4tk\u00f6iss\u00e4 sihisee jalaton matelija, myrkyllinen kyy. Hajonnut myrskylyhty makaa maatuvien lehtien peitossa, \u00e4\u00e4neti odottaen haihtuvansa maan happamaan multaan, viimeiseen hautaansa.<\/p>\n\n\n\n<p class=\"has-text-align-center\">Jos l\u00f6yd\u00e4t t\u00e4m\u00e4n m\u00f6kin ja astut sis\u00e4\u00e4n sen natisevasta ovesta, kuuntele hetki hiljaa. Rannasta, vanhojen puiden ja tihe\u00e4n kaislikon takaa, kuulet aaltojen ly\u00f6v\u00e4n rantakiviin ja kalalokin kirkuvan kauempana luodolla. Jos kuuntelet tarkkaan, voit kuulla m\u00f6kin sein\u00e4n sis\u00e4ll\u00e4 rapistelevan hiiren ja kattopellin kolahtelun tuulessa. Vanha oksa raapii hiljaa kynsill\u00e4\u00e4n ikkunaa. Vino oksa on tukeva, ja se on kest\u00e4nyt vuosien myrskyt ja tuulen. Sille on aikoinaan lepp\u00e4lintu rakentanut pes\u00e4n, mutta tyhj\u00e4ksi se on j\u00e4\u00e4nyt, sill\u00e4 kuoleman l\u00e4sn\u00e4 ei viihdy maallinen sielu.<\/p>\n\n\n\n<p class=\"has-text-align-center\">Kun kuuntelet viel\u00e4 tarkemmin, voit kuulla lahonneiden lattialankkujen alta, kuinka omistaja yritt\u00e4\u00e4 kynsill\u00e4\u00e4n kaivautua multaisesta kuopastaan, viel\u00e4 kerran h\u00e4\u00e4t\u00e4m\u00e4\u00e4n tunkeilijan kotoaan.<\/p>\n\n\n\n<figure class=\"wp-block-image size-large\"><img decoding=\"async\" src=\"https:\/\/cdn.pixabay.com\/photo\/2022\/12\/09\/12\/05\/cabin-7645209_1280.jpg\" alt=\"\"\/><\/figure>\n\n\n\n<div style=\"height:100px\" aria-hidden=\"true\" class=\"wp-block-spacer\"><\/div>\n\n\n\n<p>&#8220;Lattialankut&#8221; on saanut inspiraatiota lapsuuteni kotipaikalla, Pohjanmaan rannikolla, sijaitsevasta hyl\u00e4tyst\u00e4 m\u00f6kkirakennuksesta, jossa vietin aikaa lapsena. Kyseinen m\u00f6kki on vanha, arviolta 1900-luvun alkupuolella rakennettu puinen rakennus. P\u00e4\u00e4rakennuksen lis\u00e4ksi m\u00f6kin vieress\u00e4 ulkona on sivurakennus, varastorakennus ja keltainen leikkim\u00f6kki. M\u00f6kki on noin sadan metrin p\u00e4\u00e4ss\u00e4 merenrannasta, ja sen terassilla seisoessa n\u00e4kee et\u00e4\u00e4ll\u00e4 vastarannassa kaupungin. <\/p>\n\n\n\n<p>M\u00f6kin pihaan ei mene tiet\u00e4, ja vanhat puut antavat sille n\u00e4k\u00f6suojaa. Jos ei tied\u00e4, mit\u00e4 etsii, ei m\u00f6kki\u00e4 huomaa soratiell\u00e4 k\u00e4velless\u00e4. Varastorakennuksesta l\u00f6ytyy vanhoja kalastustarvikkeita ja vanhat puiset sukset, sek\u00e4 paljon muuta vanhanaikaista tavaraa. Lis\u00e4ksi muistan l\u00f6yt\u00e4neeni alueelta muun muassa vanhoja lukiokirjoja, lasten piirustuksia ja vaatteita. P\u00e4\u00e4rakennuksen sivuhuoneessa on my\u00f6s vanha mopon runko ja erilaisia ty\u00f6kaluja.<\/p>\n\n\n\n<figure class=\"wp-block-image aligncenter size-large is-resized\"><img decoding=\"async\" src=\"https:\/\/cdn.pixabay.com\/photo\/2013\/07\/13\/11\/47\/low-shoe-158667_1280.png\" alt=\"\" style=\"width:230px;height:auto\"\/><\/figure>\n\n\n\n<p>Tarinassa mainitsen, miten omistaja kaivautuu lattialankkujen alta. T\u00e4m\u00e4 ajatus tuli siit\u00e4, kun kaverini kanssa l\u00f6ysimme kerran m\u00f6kin lattialankkujen alta s\u00e4ilytystilan. Lattian alta l\u00f6ytyi kasoittain vanhaa tavaraa, emmek\u00e4 ikin\u00e4 tutkineet sit\u00e4 tarkemmin. Kun l\u00f6ysimme piilotetun tavaratilan ja kurkistimme ensimm\u00e4ist\u00e4 kertaa lattian alle, n\u00e4kyi tavaran sekaan hautautunut musta juhlakenk\u00e4. Meid\u00e4n onneksemme keng\u00e4ss\u00e4 ei ollut kiinni jalkaa, mutta siin\u00e4 tilanteessa me todella pelk\u00e4simme kenk\u00e4\u00e4 nostaessa, ett\u00e4 mukana nousisi joku m\u00f6kin entisist\u00e4 asukkaista. Viel\u00e4 t\u00e4n\u00e4kin p\u00e4iv\u00e4n\u00e4 on mysteeri, mit\u00e4 kaikkea salainen tavaratila sis\u00e4lt\u00e4\u00e4, ja mit\u00e4 varten tavarat on piilotettu.<\/p>\n\n\n\n<p>Tarinassa leikittelen kielikuvilla ja symboliikalla. En ole ikin\u00e4 n\u00e4hnyt alueella k\u00e4\u00e4rmett\u00e4, mutta tarinassa mainitsen kivijalassa sihisev\u00e4n kyyn. K\u00e4\u00e4rmett\u00e4 on k\u00e4ytetty symboloimaan montaa asiaa. Yleisesti k\u00e4\u00e4rmett\u00e4 on k\u00e4ytetty kuvaamaan muun muassa salaisuutta ja muutosta. Alkusuomalaisessa uskomusperinteess\u00e4 kyyt\u00e4 on pidetty hy\u00f6dyllisen\u00e4 &#8220;myrkyn ker\u00e4\u00e4j\u00e4n\u00e4&#8221;, ja sit\u00e4 on kunnioitettu ja pel\u00e4tty. <br><br>Jos k\u00e4\u00e4rmeen symboliikka kiinnostaa, suosittelen katsomaan seuraavat linkit:<br><\/p>\n\n\n\n<ul class=\"wp-block-list\">\n<li><a href=\"https:\/\/symbolopedia.com\/fi\/snake-symbolism-meaning\/#:~:text=K%C3%A4%C3%A4rme%20symboloi%20usein%20muutosta%2C%20uudestisyntymist%C3%A4%20ja%20paranemista%20sen,riippuen.%20K%C3%A4%C3%A4rmeet%20on%20yhdistetty%20parantamisen%20ja%20l%C3%A4%C3%A4ketieteen%20k%C3%A4sitteeseen.\"><mark style=\"background-color:rgba(0, 0, 0, 0)\" class=\"has-inline-color has-contrast-3-color\">K\u00e4\u00e4rmeen symboliikka ja merkitys (uni, henki, toteemi ja voima)<\/mark> <mark style=\"background-color:rgba(0, 0, 0, 0)\" class=\"has-inline-color has-contrast-3-color\">(symbolopedia.com)<\/mark><\/a><\/li>\n\n\n\n<li><a href=\"https:\/\/www.kirkkojakaupunki.fi\/-\/kristinuskossa-kaarme-on-pahan-symboli\"><mark style=\"background-color:rgba(0, 0, 0, 0)\" class=\"has-inline-color has-contrast-3-color\">Kristinuskossa k\u00e4\u00e4rme symboloi pahaa \u2013 oikeat k\u00e4\u00e4rmeet ovat yksil\u00f6it\u00e4, joilla on sosiaalisia suhteita &#8211; Kirkko ja kaupunki<\/mark><\/a><\/li>\n\n\n\n<li><a href=\"https:\/\/tulkitsenunesi.com\/kaarme-unisymboleina-mita-ne-tarkoittavat\/\"><mark style=\"background-color:rgba(0, 0, 0, 0)\" class=\"has-inline-color has-contrast-3-color\">K\u00e4\u00e4rmeet unisymboleina \u2013 mit\u00e4 ne tarkoittavat? (tulkitsenunesi.com)<\/mark><\/a><\/li>\n<\/ul>\n\n\n\n<p>Tarinassa mainitsen my\u00f6s lepp\u00e4linnun rakentaman pes\u00e4n. En ole n\u00e4hnyt paikalla lepp\u00e4lintua, mutta jonkin linnun tied\u00e4n varmuudella rakentaneen pes\u00e4n m\u00f6kin ikkunalaudalle ja kattorakenteisiin. Mainitsen tarinassa lepp\u00e4linnun, koska sit\u00e4 pidet\u00e4\u00e4n kansanperinteess\u00e4 pahan onnen ja kuoleman tuojana. Noidankoto-blogin sivuilla kirjoitetaan seuraavasti:<br>&#8220;<em>Folklorellisesti osa linnuista (kuten Lepp\u00e4lintu ja Kehr\u00e4\u00e4j\u00e4,) lukeutui automaattisesti huonon onnen tai kuoleman tuojiksi<\/em>&#8220;.<\/p>\n\n\n\n<p>Jos lintujen symboliikka kansanperinteess\u00e4 kiinnostaa, suosittelen lukemaan lis\u00e4\u00e4 t\u00e4\u00e4lt\u00e4: <a href=\"https:\/\/noidankoto.blogspot.com\/2015\/09\/linnut-kansanperinteessa-2-ennelinnut.html\"><mark style=\"background-color:rgba(0, 0, 0, 0)\" class=\"has-inline-color has-contrast-3-color\">https:\/\/noidankoto.blogspot.com\/2015\/09\/linnut-kansanperinteessa-2-ennelinnut.html<\/mark><\/a><\/p>\n\n\n\n<div style=\"height:100px\" aria-hidden=\"true\" class=\"wp-block-spacer\"><\/div>\n\n\n\n<div class=\"wp-block-buttons is-content-justification-center is-layout-flex wp-container-core-buttons-is-layout-a89b3969 wp-block-buttons-is-layout-flex\">\n<div class=\"wp-block-button\"><a class=\"wp-block-button__link wp-element-button\" href=\"https:\/\/tiiah.vlab.fi\/index.php\/2024\/02\/07\/hello-world\/\">Kommentit<\/a><\/div>\n<\/div>\n","protected":false},"excerpt":{"rendered":"<p>Mets\u00e4ss\u00e4 on m\u00f6kki. Se on ollut siell\u00e4 jo kauan, mink\u00e4 voi p\u00e4\u00e4tell\u00e4 sen kuluneesta perusrakenteesta ja lahonneista sein\u00e4laudoista. Seinien heikkoutta piilottelevan, kulahtaneen ja repeilev\u00e4n tapetin kuviot peitt\u00e4\u00e4 puun pintaa hiljalleen hajottava home. El\u00e4m\u00e4\u00e4 siin\u00e4 m\u00f6kiss\u00e4 ei ole n\u00e4hty vuosikymmeniin. Harva tiet\u00e4\u00e4 autiosta m\u00f6kist\u00e4. Vanhat puut peitt\u00e4v\u00e4t sen suojiinsa ja vanhin tammista syrj\u00e4isen soratien varressa kuiskaa [&hellip;]<\/p>\n","protected":false},"author":1,"featured_media":0,"parent":0,"menu_order":0,"comment_status":"closed","ping_status":"closed","template":"","meta":{"footnotes":""},"class_list":["post-58","page","type-page","status-publish","hentry"],"_links":{"self":[{"href":"https:\/\/tiiah.vlab.fi\/index.php\/wp-json\/wp\/v2\/pages\/58","targetHints":{"allow":["GET"]}}],"collection":[{"href":"https:\/\/tiiah.vlab.fi\/index.php\/wp-json\/wp\/v2\/pages"}],"about":[{"href":"https:\/\/tiiah.vlab.fi\/index.php\/wp-json\/wp\/v2\/types\/page"}],"author":[{"embeddable":true,"href":"https:\/\/tiiah.vlab.fi\/index.php\/wp-json\/wp\/v2\/users\/1"}],"replies":[{"embeddable":true,"href":"https:\/\/tiiah.vlab.fi\/index.php\/wp-json\/wp\/v2\/comments?post=58"}],"version-history":[{"count":5,"href":"https:\/\/tiiah.vlab.fi\/index.php\/wp-json\/wp\/v2\/pages\/58\/revisions"}],"predecessor-version":[{"id":75,"href":"https:\/\/tiiah.vlab.fi\/index.php\/wp-json\/wp\/v2\/pages\/58\/revisions\/75"}],"wp:attachment":[{"href":"https:\/\/tiiah.vlab.fi\/index.php\/wp-json\/wp\/v2\/media?parent=58"}],"curies":[{"name":"wp","href":"https:\/\/api.w.org\/{rel}","templated":true}]}}